{"id":679,"date":"2014-06-08T14:28:54","date_gmt":"2014-06-08T13:28:54","guid":{"rendered":"http:\/\/www.lspap.fr\/?page_id=679"},"modified":"2025-03-24T08:30:20","modified_gmt":"2025-03-24T07:30:20","slug":"qui-sommes-nous-2","status":"publish","type":"page","link":"https:\/\/www.lspap.fr\/?page_id=679","title":{"rendered":"Entra\u00eenements hebdos &#8211; Animatrices et animateurs &#8211; Membres du Comit\u00e9"},"content":{"rendered":"<p><a href=\"http:\/\/www.lspap.fr\/wp-content\/uploads\/2014\/05\/bandeauHaut4.png\"><img loading=\"lazy\" decoding=\"async\" class=\"alignnone wp-image-592\" src=\"http:\/\/www.lspap.fr\/wp-content\/uploads\/2014\/05\/bandeauHaut4-300x46.png\" alt=\"bandeauHaut4.png\" width=\"339\" height=\"52\" srcset=\"https:\/\/www.lspap.fr\/wp-content\/uploads\/2014\/05\/bandeauHaut4-300x46.png 300w, https:\/\/www.lspap.fr\/wp-content\/uploads\/2014\/05\/bandeauHaut4.png 1018w\" sizes=\"auto, (max-width: 339px) 100vw, 339px\" \/><\/a><\/p>\n<p><strong><span style=\"color: #ff0000;\">LA SANTE PAS A PAS &#8211;\u00a0156-6 route de Lyon &#8211;\u00a067400 ILLKIRCH-GRAFFENSTADEN<br \/>\n<\/span><\/strong><strong style=\"font-size: 14px;\"><span style=\"color: #ff0000;\">Simone KIENTZ &#8211; Pr\u00e9sidente &#8211;\u00a0<strong>06 82 24 81 46<\/strong>\u00a0 \u00a0 \u00a0 \u00a0 \u00a0 \u00a0 \u00a0mail :\u00a0lspapas67@gmail.com<br \/>\n<\/span><\/strong><strong><span style=\"color: #ff0000;\">Cr\u00e9ation : 2013 &#8211; Affiliation : F\u00e9d\u00e9ration Fran\u00e7aise de Randonn\u00e9e.<\/span><\/strong><\/p>\n<p>&nbsp;<\/p>\n<h6 class=\"yiv1424866356MsoNormal\"><span style=\"text-decoration: underline; color: #0000ff;\"><strong>ENTRAINEMENTS HEBDOMADAIRES<\/strong><\/span><\/h6>\n<p class=\"yiv1424866356MsoNormal\"><span style=\"text-decoration: underline;\"><b id=\"yui_3_16_0_1_1411981009607_12668\"><span id=\"yui_3_16_0_1_1411981009607_12667\"><span id=\"yui_3_16_0_1_1411981009607_12666\">MARCHE NORDIQUE &#8211; 2 entra\u00eenements hebdomadaires de 2h00<br \/>\n<\/span><\/span><\/b><\/span><strong>MITTELHAUSBERGEN<\/strong> \u2013\u00a0Tous les jeudis apr\u00e8s-midi \u2013\u00a0<b>d\u00e9part \u00e0 14H<span style=\"color: #ff0000;\">* (*en \u00e9t\u00e9 \u00e0 9h)<br \/>\n<\/span><\/b>RDV\u00a0chemin des C\u00f4teaux\u00a0 \u00e0 MITTELHAUSBERGEN.<br \/>\n<strong>LAMPERTHEIM<\/strong> \u2013 2 groupes sur le m\u00eame trac\u00e9 &#8211; Tous les samedis matin \u2013\u00a0<b>d\u00e9part \u00e0 9H00<br \/>\n<\/b>RDV parking salle polyvalente.<\/p>\n<p id=\"yui_3_16_0_1_1411981009607_12680\" class=\"yiv1424866356MsoNormal\"><span style=\"text-decoration: underline;\"><b>RANDO SANTE\u00a0 &#8211; 2 entra\u00eenements hebdomadaires, un de 1 heure et un de 2 heures<br \/>\n<\/b><\/span><strong>MUNDOLSHEIM<\/strong> &#8211; Tous les vendredis apr\u00e8s-midi \u2013 <span id=\"yui_3_16_0_1_1411981009607_12689\"><b id=\"yui_3_16_0_1_1411981009607_12688\">d\u00e9part \u00e0\u00a014H<span style=\"color: #ff0000;\">* (*en \u00e9t\u00e9 \u00e0 9h)<br \/>\n<\/span><\/b><\/span>RDV Colline de MUNDOLSHEIM &#8211; parking devant le fort Ducrot.<\/p>\n<p class=\"yiv1424866356MsoNormal\">Entra\u00eenements d\u00e9localis\u00e9s une fois par mois.<\/p>\n<h6 class=\"yiv1424866356MsoNormal\"><\/h6>\n<h6 class=\"yiv1424866356MsoNormal\"><span style=\"text-decoration: underline; color: #0000ff;\"><strong>ANIMATRICES ET ANIMATEURS<\/p>\n<p><\/strong><\/span><\/h6>\n<p>ALMENDINGER R\u00e9my :\u00a0Animateur de Randonn\u00e9e de Proximit\u00e9 &#8211; Animateur Rando Sant\u00e9<b><i>\u00ae\u00a0\u00a0<\/i><\/b>&#8211;<br \/>\n<span style=\"font-size: 14px;\">Brevet Secourisme PSC1.<\/span><\/p>\n<p>BURY ALAIN : Brevet F\u00e9d\u00e9ral Animateur de Randonn\u00e9e P\u00e9destre &#8211; Brevet Secourisme PSC1.<\/p>\n<p>HEILIG MICHEL : Animateur de Randonn\u00e9e de Proximit\u00e9 &#8211; Brevet Secourisme PSC1.<\/p>\n<p>KACZMARKIEWICZ WANDA &#8211; Animatrice de Randonn\u00e9e de Proximit\u00e9 &#8211; Animatrice Rando Sant\u00e9<b><i>\u00ae &#8211; <\/i><\/b>Brevet Secourisme PSC1.<\/p>\n<p>KIENTZ SIMONE &#8211; Animatrice de Randonn\u00e9e de Proximit\u00e9 &#8211; Animatrice Rando Sant\u00e9<b><i>\u00ae\u00a0\u00a0<\/i><\/b>&#8211;<br \/>\nBrevet Secourisme PSC1.<\/p>\n<p>MESSNER RENEE : Animatrice 1er niveau SA1 \u2013 Animatrice Rando Sant\u00e9<b><i>\u00ae<\/i><\/b>\u00a0 &#8211; Brevet F\u00e9d\u00e9ral Marche Nordique &#8211; \u00a0Brevet Secourisme PSC1 &#8211;\u00a0Label sport sant\u00e9 du CROSA, option maladies chroniques, en juin 2017 &#8211; Label sport sant\u00e9 2019\/2022 du CROS Grand Est, option maladies chroniques et cancers en octobre 2018.<\/p>\n<p>RAMP Sylvain : Animateur de Randonn\u00e9e de Proximit\u00e9 &#8211; Brevet Secourisme PSC1.<\/p>\n<p>ZEISSLOFF MONIQUE : Animatrice de Randonn\u00e9e de Proximit\u00e9\u00a0&#8211; Brevet Secourisme PSC1.<\/p>\n<p>&nbsp;<\/p>\n<h6><span style=\"color: #0000ff;\"><strong><span style=\"text-decoration: underline;\">PRESIDENT D&rsquo;HONNEUR LSPAP<\/span><\/strong><\/span><\/h6>\n<p>PFISTER Guy<\/p>\n<h6><\/h6>\n<h6><span style=\"text-decoration: underline;\"><strong><span style=\"color: #0000ff; text-decoration: underline;\">MEMBRES DU COMITE<\/span><\/strong><\/span><\/h6>\n<p>KIENTZ SIMONE &#8211; Pr\u00e9sidente de l&rsquo;Association.<\/p>\n<p>BLUM Arlette :\u00a0Membre du Comit\u00e9 de l&rsquo;Association.<\/p>\n<p>BURY Alain : Membre du Comit\u00e9 de l&rsquo;Association.<\/p>\n<p>ESCHBACH Martine : Membre du Comit\u00e9 de l&rsquo;Association.<\/p>\n<p>KUPPELIN David : Membre du Comit\u00e9 de l&rsquo;Association.<\/p>\n<p>LUMERET Marie-Jos\u00e9 :\u00a0Membre du Comit\u00e9 de l\u2019Association \u2013 Secr\u00e9taire administrative : mise \u00e0 jour du site internet &#8211; lettres mensuelles &#8211; r\u00e9daction des comptes rendus de r\u00e9unions et assembl\u00e9es &#8211; lettres mensuelles.<\/p>\n<p>MESSNER Ren\u00e9e : Vice-Pr\u00e9sidente\u00a0de l\u2019Association \u2013 Secr\u00e9taire technique : adh\u00e9sions, licences et assurances &#8211; inscriptions aux sorties \u2013 planning &#8211; RGPD &#8211; statistiques diverses.<\/p>\n<p>METZMEYER Jean-Louis : Tr\u00e9sorier &#8211; Membre du Comit\u00e9 de l&rsquo;Association.<\/p>\n<p>&nbsp;<\/p>\n<p>&nbsp;<\/p>\n","protected":false},"excerpt":{"rendered":"<p>LA SANTE PAS A PAS &#8211;\u00a0156-6 route de Lyon &#8211;\u00a067400 ILLKIRCH-GRAFFENSTADEN Simone KIENTZ &#8211; Pr\u00e9sidente &#8211;\u00a006 82 24 81 46\u00a0 \u00a0 \u00a0 \u00a0 \u00a0 \u00a0 \u00a0mail :\u00a0lspapas67@gmail.com Cr\u00e9ation : 2013 &#8211; Affiliation : F\u00e9d\u00e9ration Fran\u00e7aise de Randonn\u00e9e. &nbsp; ENTRAINEMENTS HEBDOMADAIRES&hellip; <\/p>\n","protected":false},"author":1,"featured_media":0,"parent":0,"menu_order":0,"comment_status":"closed","ping_status":"open","template":"","meta":{"_mc_calendar":[],"footnotes":""},"class_list":["post-679","page","type-page","status-publish","hentry"],"_links":{"self":[{"href":"https:\/\/www.lspap.fr\/index.php?rest_route=\/wp\/v2\/pages\/679","targetHints":{"allow":["GET"]}}],"collection":[{"href":"https:\/\/www.lspap.fr\/index.php?rest_route=\/wp\/v2\/pages"}],"about":[{"href":"https:\/\/www.lspap.fr\/index.php?rest_route=\/wp\/v2\/types\/page"}],"author":[{"embeddable":true,"href":"https:\/\/www.lspap.fr\/index.php?rest_route=\/wp\/v2\/users\/1"}],"replies":[{"embeddable":true,"href":"https:\/\/www.lspap.fr\/index.php?rest_route=%2Fwp%2Fv2%2Fcomments&post=679"}],"version-history":[{"count":82,"href":"https:\/\/www.lspap.fr\/index.php?rest_route=\/wp\/v2\/pages\/679\/revisions"}],"predecessor-version":[{"id":11689,"href":"https:\/\/www.lspap.fr\/index.php?rest_route=\/wp\/v2\/pages\/679\/revisions\/11689"}],"wp:attachment":[{"href":"https:\/\/www.lspap.fr\/index.php?rest_route=%2Fwp%2Fv2%2Fmedia&parent=679"}],"curies":[{"name":"wp","href":"https:\/\/api.w.org\/{rel}","templated":true}]}}