{"id":63,"date":"2014-02-01T06:16:27","date_gmt":"2014-02-01T05:16:27","guid":{"rendered":"http:\/\/www.lspap.fr\/?page_id=63"},"modified":"2014-05-14T19:38:36","modified_gmt":"2014-05-14T18:38:36","slug":"marche-nordique","status":"publish","type":"page","link":"https:\/\/www.lspap.fr\/?page_id=63","title":{"rendered":"Marche nordique"},"content":{"rendered":"<p>&nbsp;<\/p>\n<p style=\"text-align: left;\" align=\"center\"><em><b>La marche nordique<br \/>\n<\/b><b>\u00abAgir avec vous pour que vous restiez en bonne sant\u00e9\u00bb<\/b>\u00a0<\/em><\/p>\n<p>\u00a0La Marche nordique est n\u00e9e en Finlande dans les ann\u00e9es 70 de la volont\u00e9 des skieurs de fond de trouver un syst\u00e8me d\u2019entrainement d\u2019\u00e9t\u00e9, afin d\u2019\u00eatre pr\u00eats \u00e0 l\u2019arriv\u00e9e des premi\u00e8res neiges.<\/p>\n<p>Accessible \u00e0 tous et par tous temps, non traumatisante et ludique, cette nouvelle pratique ravira les jeunes ou moins jeunes, quelle que soit leur condition physique.<\/p>\n<p><strong>Accessible \u00e0 tous<\/strong>, C\u2019est ainsi un sport familial et convivial qui regroupe un large public.<\/p>\n<p>Alliant fitness en plein air et marche active, <b>la marche nordique<\/b> s\u2019adresse \u00e0 tout public, quel que soit l\u2019\u00e2ge ou la condition physique.<\/p>\n<p><b>On va plus vite, plus loin avec moins de fatigue.<\/b><\/p>\n<p>Elle n\u2019est pas simplement une marche avec 2 b\u00e2tons, mais un v\u00e9ritable sport conjuguant bien-\u00eatre, \u00e9quilibre et bonne sant\u00e9. Aventure p\u00e9destre ou optimisation de la condition physique, elle se pratique, \u00e9t\u00e9 comme hiver, sur tous types de chemins en toute convivialit\u00e9 ou de fa\u00e7on plus sportive.<\/p>\n<p>Le principe de la marche nordique est tr\u00e8s simple : il s\u2019agit d\u2019accentuer le mouvement naturel de balancier des bras pendant la marche et de propulser le corps \u00e0 l\u2019aide de <b>2 b\u00e2tons sp\u00e9cifiques<\/b>. Tout le corps entre alors en action.<\/p>\n<p>Les bienfaits de la marche nordique se\u00a0caract\u00e9risent par une\u00a0<b>Tonification musculaire<\/b>, une <b>Respiration compl\u00e8te<\/b>, une\u00a0<b>Augmentation de la d\u00e9pense calorique<\/b>, une\u00a0<b>Fortification osseuse <\/b><b>(pr\u00e9vention ost\u00e9oporose)<\/b>,\u00a0un <b>renforcement de l\u2019oxyg\u00e9nation et du syst\u00e8me cardio-vasculaire, <\/b>un\u00a0<b>bien-\u00eatre relaxant<\/b>, un\u00a0<b>alli\u00e9 dans une d\u00e9marche d\u2019amincissement<\/b>\u00a0: les graisses sont br\u00fbl\u00e9es de mani\u00e8re plus importante.<br \/>\n90% des muscles sont sollicit\u00e9s d\u2019apr\u00e8s des \u00e9tudes de l\u2019universit\u00e9 du sport de Cologne.<\/p>\n<p>Elle est une alli\u00e9e pour pr\u00e9venir l\u2019ost\u00e9oporose, le diab\u00e8te, le surpoids, les maladies cardio-vasculaires, l\u2019art\u00e9rioscl\u00e9rose.<\/p>\n<p>La marche nordique cumule tellement d\u2019effets b\u00e9n\u00e9fiques de pr\u00e9vention sant\u00e9, que sa pratique est rembours\u00e9e par la s\u00e9curit\u00e9 sociale dans plusieurs pays (notamment en Allemagne et dans les pays nordiques). Plus pr\u00e8s de nous, elle fait partie des pratiques du programme \u00absport sur ordonnance\u00bb de la ville de Strasbourg.<\/p>\n<p><b>Pour les randonneurs\u00a0:<br \/>\n<\/b><b>&#8211; Am\u00e9liore la condition physique<br \/>\n<\/b><b>&#8211; Pr\u00e9pare aux treks et randonn\u00e9es moyenne montagne<br \/>\n<\/b><b>&#8211; Habitue \u00e0 marcher avec des b\u00e2tons et persuade d\u2019utiliser deux b\u00e2tons\u00a0 (sport sym\u00e9trique)<br \/>\n<\/b><\/p>\n<p><b>Une\u00a0 s\u00e9ance id\u00e9ale dure de 1h30 \u00e0 2h et se compose de :<br \/>\n<\/b><b>\u00a0 \u00a0 \u00a0 \u00a0 \u00a0 \u00a0 \u00a0&#8211; 10 \u00e0 15 mn d\u2019\u00e9chauffement<br \/>\n<\/b><b>\u00a0 \u00a0 \u00a0 \u00a0 \u00a0 \u00a0 \u00a0&#8211; 1h \u00e0 1h30 de Marche nordique<br \/>\n<\/b><b style=\"font-family: inherit; font-style: inherit;\">\u00a0 \u00a0 \u00a0 \u00a0 \u00a0 \u00a0 \u00a0&#8211; un arr\u00eat hydratation et renforcement musculaire<\/b><\/p>\n<p><b>\u00a0 \u00a0 \u00a0 \u00a0 \u00a0 \u00a0 \u00a0&#8211; 10 \u00e0 15 mn d\u2019\u00e9tirements<\/b><\/p>\n<h3>Equipement<\/h3>\n<p><strong>Les b\u00e2tons<\/strong><br \/>\nComposants : m\u00e9lange de fibres de verre et de carbone.<br \/>\nIls se doivent d\u2019\u00eatre : mono brin solides, souples et confortables. On peut n\u00e9anmoins utiliser certains b\u00e2tons t\u00e9lescopiques.<\/p>\n<p><strong>La longueur des b\u00e2tons<br \/>\n<\/strong><span style=\"font-size: 14.399999618530273px;\">Elle d\u00e9pend de la stature du marcheur.<br \/>\n<\/span><span style=\"font-size: 14.399999618530273px;\">La longueur id\u00e9ale : la stature de l\u2019utilisateur (en centim\u00e8tres) X 0,70<br \/>\n<\/span><span style=\"font-size: 14.399999618530273px;\">On peut \u00e9galement \u00e9valuer la hauteur de fa\u00e7on plus approximative : taille \u2013 50 cm.<\/span><\/p>\n<p><span style=\"font-size: 14.399999618530273px;\">En pratique, le marcheur d\u00e9butant choisira des b\u00e2tons qui lui arrivent un peu au-dessous du coude quand le bras est repli\u00e9.<\/span><br \/>\nLe marcheur plus sportif choisira une longueur un peu au-dessus pour gagner en vitesse.<\/p>\n<p><strong>Les embouts<\/strong><br \/>\nIls diff\u00e8rent en fonction du sol o\u00f9 l\u2019on pratique (terre, sol dur, gazon, \u2026).<\/p>\n<p><strong>Gantelet<\/strong><br \/>\nPrimordial dans le sens o\u00f9 il permet d\u2019ouvrir la main pour prolonger la pouss\u00e9e et lui donner toute son efficacit\u00e9.\u00a0<span style=\"font-size: 14.399999618530273px;\">La ma\u00eetrise du b\u00e2ton s\u2019en trouve facilit\u00e9e.<\/span><\/p>\n<p><strong>Les chaussures<\/strong><br \/>\nElles sont \u00e0 choisir en fonction du terrain : running, chaussures de randonn\u00e9e \u00e0 tige basse, chaussures de trail, \u2026 .<\/p>\n<p>Comme d\u2019autres pratiques, la marche nordique ne s\u2019apprend pas seul, ni par mim\u00e9tisme et encore moins dans les livres. Nos animateurs ont suivi une formation de plusieurs jours pour pouvoir assurer les s\u00e9ances en toute s\u00e9curit\u00e9 et pour vous apprendre les bons gestes.<\/p>\n<p>Pour bien maitriser ceci, il faut passer par <b>une initiation<\/b>.<\/p>\n<p><strong>Envoyez-nous un mail <\/strong><a href=\"mailto:lspapas67@gmail.com\">lspapas67@gmail.com<\/a><strong> pour en savoir plus sur ce sport et prendre rendez-vous pour une s\u00e9ance d&rsquo;initiation.<\/strong><\/p>\n<p><a href=\"http:\/\/www.leboncoin.fr\/ventes_immobilieres\/659686748.htm?ca=6_s\">\u00a0<\/a><\/p>\n","protected":false},"excerpt":{"rendered":"<p>&nbsp; La marche nordique \u00abAgir avec vous pour que vous restiez en bonne sant\u00e9\u00bb\u00a0 \u00a0La Marche nordique est n\u00e9e en Finlande dans les ann\u00e9es 70 de la volont\u00e9 des skieurs de fond de trouver un syst\u00e8me d\u2019entrainement d\u2019\u00e9t\u00e9, afin d\u2019\u00eatre&hellip; <\/p>\n","protected":false},"author":1,"featured_media":0,"parent":0,"menu_order":0,"comment_status":"closed","ping_status":"closed","template":"","meta":{"_mc_calendar":[],"footnotes":""},"class_list":["post-63","page","type-page","status-publish","hentry"],"_links":{"self":[{"href":"https:\/\/www.lspap.fr\/index.php?rest_route=\/wp\/v2\/pages\/63","targetHints":{"allow":["GET"]}}],"collection":[{"href":"https:\/\/www.lspap.fr\/index.php?rest_route=\/wp\/v2\/pages"}],"about":[{"href":"https:\/\/www.lspap.fr\/index.php?rest_route=\/wp\/v2\/types\/page"}],"author":[{"embeddable":true,"href":"https:\/\/www.lspap.fr\/index.php?rest_route=\/wp\/v2\/users\/1"}],"replies":[{"embeddable":true,"href":"https:\/\/www.lspap.fr\/index.php?rest_route=%2Fwp%2Fv2%2Fcomments&post=63"}],"version-history":[{"count":11,"href":"https:\/\/www.lspap.fr\/index.php?rest_route=\/wp\/v2\/pages\/63\/revisions"}],"predecessor-version":[{"id":250,"href":"https:\/\/www.lspap.fr\/index.php?rest_route=\/wp\/v2\/pages\/63\/revisions\/250"}],"wp:attachment":[{"href":"https:\/\/www.lspap.fr\/index.php?rest_route=%2Fwp%2Fv2%2Fmedia&parent=63"}],"curies":[{"name":"wp","href":"https:\/\/api.w.org\/{rel}","templated":true}]}}