{"id":26,"date":"2014-01-31T21:23:28","date_gmt":"2014-01-31T20:23:28","guid":{"rendered":"http:\/\/www.lspap.fr\/?page_id=26"},"modified":"2014-02-05T20:56:16","modified_gmt":"2014-02-05T19:56:16","slug":"nos-liens","status":"publish","type":"page","link":"https:\/\/www.lspap.fr\/?page_id=26","title":{"rendered":"Nos liens"},"content":{"rendered":"<p>Lien vers la page \u00ab\u00a0Marche nordique\u00a0\u00bb de la F\u00e9d\u00e9ration Fran\u00e7aise de Randonn\u00e9e:<a title=\"Rando sant\u00e9\" href=\"http:\/\/www.ffrandonnee.fr\/_185\/rando-sante-concept.aspx\" target=\"_blank\"><br \/>\n<\/a><\/p>\n<p><a href=\"http:\/\/www.ffrandonnee.fr\/_34\/la-marche-nordique.aspx\" target=\"_blank\"><img loading=\"lazy\" decoding=\"async\" class=\"aligncenter size-full wp-image-140\" alt=\"image002\" src=\"http:\/\/www.lspap.fr\/wp-content\/uploads\/2014\/01\/image002.jpg\" width=\"55\" height=\"77\" \/><\/a><\/p>\n<p>&nbsp;<\/p>\n<p>Lien vers la page \u00ab\u00a0Rando sant\u00e9\u00a0\u00bb de la F\u00e9d\u00e9ration Fran\u00e7aise de Randonn\u00e9e:<\/p>\n<p><a href=\"http:\/\/www.ffrandonnee.fr\/_185\/rando-sante-concept.aspx\" target=\"_blank\"><img loading=\"lazy\" decoding=\"async\" class=\"aligncenter size-full wp-image-76\" alt=\"Petit Logo FFR Transparent\" src=\"http:\/\/www.lspap.fr\/wp-content\/uploads\/2014\/02\/petitLogoFFRTransparent.png\" width=\"222\" height=\"80\" \/><\/a><\/p>\n","protected":false},"excerpt":{"rendered":"<p>Lien vers la page \u00ab\u00a0Marche nordique\u00a0\u00bb de la F\u00e9d\u00e9ration Fran\u00e7aise de Randonn\u00e9e: &nbsp; Lien vers la page \u00ab\u00a0Rando sant\u00e9\u00a0\u00bb de la F\u00e9d\u00e9ration Fran\u00e7aise de Randonn\u00e9e:<\/p>\n","protected":false},"author":1,"featured_media":0,"parent":0,"menu_order":0,"comment_status":"closed","ping_status":"closed","template":"","meta":{"_mc_calendar":[],"footnotes":""},"class_list":["post-26","page","type-page","status-publish","hentry"],"_links":{"self":[{"href":"https:\/\/www.lspap.fr\/index.php?rest_route=\/wp\/v2\/pages\/26","targetHints":{"allow":["GET"]}}],"collection":[{"href":"https:\/\/www.lspap.fr\/index.php?rest_route=\/wp\/v2\/pages"}],"about":[{"href":"https:\/\/www.lspap.fr\/index.php?rest_route=\/wp\/v2\/types\/page"}],"author":[{"embeddable":true,"href":"https:\/\/www.lspap.fr\/index.php?rest_route=\/wp\/v2\/users\/1"}],"replies":[{"embeddable":true,"href":"https:\/\/www.lspap.fr\/index.php?rest_route=%2Fwp%2Fv2%2Fcomments&post=26"}],"version-history":[{"count":11,"href":"https:\/\/www.lspap.fr\/index.php?rest_route=\/wp\/v2\/pages\/26\/revisions"}],"predecessor-version":[{"id":159,"href":"https:\/\/www.lspap.fr\/index.php?rest_route=\/wp\/v2\/pages\/26\/revisions\/159"}],"wp:attachment":[{"href":"https:\/\/www.lspap.fr\/index.php?rest_route=%2Fwp%2Fv2%2Fmedia&parent=26"}],"curies":[{"name":"wp","href":"https:\/\/api.w.org\/{rel}","templated":true}]}}