{"id":22,"date":"2014-01-31T21:22:54","date_gmt":"2014-01-31T20:22:54","guid":{"rendered":"http:\/\/www.lspap.fr\/?page_id=22"},"modified":"2023-12-02T13:01:03","modified_gmt":"2023-12-02T12:01:03","slug":"reglement-interne","status":"publish","type":"page","link":"https:\/\/www.lspap.fr\/?page_id=22","title":{"rendered":"R\u00e8glement int\u00e9rieur"},"content":{"rendered":"<p style=\"text-align: left;\" align=\"center\"><i><span style=\"text-decoration: underline;\">Article 1 : But de l\u2019association<br \/>\n<\/span><b>L\u2019association LA SANTE PAS A PAS a pour but de proposer \u00e0 ses membres des sorties hebdomadaires de marche nordique et de randonn\u00e9e sant\u00e9\u00ae La Sant\u00e9 Pas \u00e0 Pas est affili\u00e9e \u00e0 la F\u00e9d\u00e9ration Fran\u00e7aise de Randonn\u00e9e P\u00e9destre \u2013 FFRP. Une Assembl\u00e9e G\u00e9n\u00e9rale se d\u00e9roule au moins une fois par an dans les conditions d\u00e9crites par les statuts <\/b><br \/>\n<span style=\"text-decoration: underline;\"><br \/>\nArticle 2 : Organisation des randonn\u00e9es<br \/>\n<\/span><b>Les randonn\u00e9es de l\u2019Association sont organis\u00e9es et encadr\u00e9es par des animateurs dipl\u00f4m\u00e9s par la FFRP. .Les participants aux randonn\u00e9es sont tenus de respecter les consignes de ceux-ci.<\/b><\/i><\/p>\n<p>Article 3 : Licences<br \/>\n<b>Les personnes d\u00e9sirant participer aux randonn\u00e9es sont tenues de devenir membres de LA SANTE PAS A PAS moyennant la souscription d\u2019une licence incluant une assurance. Les membres doivent acquitter une cotisation dont le montant est fix\u00e9 chaque ann\u00e9e par l\u2019Assembl\u00e9e G\u00e9n\u00e9rale. Le d\u00e9tail des cotisations est pr\u00e9cis\u00e9 sur la fiche d\u2019inscription de l\u2019association. Les licences sont d\u00e9livr\u00e9es par la FFRP et sont valables du 1er septembre de l\u2019ann\u00e9e en cours au 31 ao\u00fbt de l\u2019ann\u00e9e suivante. Le renouvellement de la licence devra \u00eatre demand\u00e9 au plus tard pour le 1er octobre de chaque ann\u00e9e. <\/b><br \/>\n<span style=\"text-decoration: underline;\"><br \/>\nArticle 4 : Aspect m\u00e9dical<br \/>\n<\/span><strong>R\u00e8gle concernant les certificats pour les adh\u00e9rents FFRandonn\u00e9e\u00a0:<\/strong><\/p>\n<p><strong>a) Pour toute premi\u00e8re prise de licence, un CACI pour la pratique des activit\u00e9s de marche et de randonn\u00e9e et activit\u00e9 connexes (loisirs et\/ou comp\u00e9tition) datant de moins de six mois est obligatoire, et \u00e0 chaque reprise de licence apr\u00e8s une interruption de deux saisons sportives et plus.<\/strong><\/p>\n<p><strong>b) Renouvellement annuel de la licence : le pratiquant doit attester avoir rempli l\u2019auto-questionnaire personnel de sant\u00e9 fourni par la FFRandonn\u00e9e et avoir r\u00e9pondu \u00ab\u00a0non\u00a0\u00bb \u00e0 toutes les questions en toute honn\u00eatet\u00e9. En cas de r\u00e9ponse positive \u00e0 une ou plusieurs questions, la commission m\u00e9dicale f\u00e9d\u00e9rale conseille vivement de consulter son m\u00e9decin traitant sur la poursuite de la pratique sportive. Cet auto-questionnaire est la propri\u00e9t\u00e9 du licenci\u00e9 et ne doit pas \u00eatre montr\u00e9 au club ou \u00e0 ses animateurs. Il suffit de transmettre l\u2019attestation de r\u00e9ponse au questionnaire au club ou \u00e0 ses animateurs.<\/strong><\/p>\n<p><b><\/b>Article 5 : Equipement des membres<br \/>\n<b>Les participants aux randonn\u00e9es devront \u00eatre \u00e9quip\u00e9s pour la pratique de l\u2019activit\u00e9. Ils devront en particulier se munir de chaussures de randonn\u00e9e, et de b\u00e2tons de marche adapt\u00e9s \u00e0 la discipline choisie.<\/b><\/p>\n<p>Article 6 : D\u00e9placements<br \/>\n<b>Les d\u00e9placements sur les lieux des randonn\u00e9es se font en voiture particuli\u00e8re. Par souci d\u2019\u00e9cologie le co-voiturage est souhait\u00e9.<\/b><\/p>\n<p>Article 7 : D\u00e9couverte de LA SANTE PAS A PAS<br \/>\n<b>Les personnes potentiellement int\u00e9ress\u00e9es par l\u2019association seront habilit\u00e9es \u00e0 participer \u00e0 deux manifestations maximums sans r\u00e8glement d\u2019une contribution \u00e0 l\u2019association LA SANTE PAS A PAS afin de leur permettre de d\u00e9couvrir l\u2019Association, son activit\u00e9 et son organisation. Pour la d\u00e9couverte de la marche nordique une participation de 10 \u20ac est demand\u00e9e pour la s\u00e9ance d\u2019initiation, d\u00e9ductible de la cotisation future. Cette initiation pr\u00e9alable est obligatoire. Personne ne pourra se pr\u00e9senter \u00e0 une marche sans avoir fait cette initiation<\/b><\/p>\n<p>Article 8 : Membres<br \/>\n<b>Le nombre de membres sera limit\u00e9 pour assurer un \u00e9quilibre membres\/animateurs selon les crit\u00e8res de FFRP.<\/b><\/p>\n<p>Article 9 : Formation animateur<br \/>\n<b>Le club prendra en charge la formation des nouveaux animateurs \u00e0 raison d\u2019un tiers par an du montant de la formation.<\/b><\/p>\n<p>Article 10 : Discipline<br \/>\n<b>Le Comit\u00e9 pourra sanctionner un membre en cas d\u2019indiscipline, de mauvais comportement ou non-respect des r\u00e8gles de s\u00e9curit\u00e9, Le membre sera inform\u00e9 et invit\u00e9 \u00e0 s\u2019expliquer par courrier adress\u00e9\u00a0\u00e0 la Pr\u00e9sidente qui d\u00e9lib\u00e9rera avec le comit\u00e9. La sanction pourra \u00eatre jusqu\u2019\u00e0\u00a0l\u2019exclusion sans remboursement de la cotisation.<\/b><\/p>\n<p>A ILLKIRCH-GRAFFENSTADEN,\u00a0\u00a0\u00a0\u00a0\u00a0\u00a0\u00a0\u00a0\u00a0\u00a0\u00a0\u00a0\u00a0\u00a0\u00a0\u00a0\u00a0\u00a0\u00a0\u00a0\u00a0\u00a0\u00a0\u00a0\u00a0\u00a0\u00a0\u00a0\u00a0\u00a0\u00a0\u00a0\u00a0\u00a0 La Pr\u00e9sidente<br \/>\nLe 1<sup>er<\/sup> octobre 2023\u00a0\u00a0\u00a0\u00a0\u00a0\u00a0\u00a0\u00a0\u00a0\u00a0\u00a0\u00a0\u00a0\u00a0\u00a0\u00a0\u00a0\u00a0\u00a0\u00a0\u00a0\u00a0\u00a0\u00a0\u00a0\u00a0\u00a0\u00a0\u00a0\u00a0\u00a0\u00a0\u00a0\u00a0\u00a0\u00a0\u00a0\u00a0\u00a0\u00a0\u00a0\u00a0\u00a0\u00a0\u00a0\u00a0\u00a0\u00a0\u00a0\u00a0\u00a0\u00a0\u00a0\u00a0\u00a0\u00a0 Simone KIENTZ<\/p>\n<p>&nbsp;<\/p>\n","protected":false},"excerpt":{"rendered":"<p>Article 1 : But de l\u2019association L\u2019association LA SANTE PAS A PAS a pour but de proposer \u00e0 ses membres des sorties hebdomadaires de marche nordique et de randonn\u00e9e sant\u00e9\u00ae La Sant\u00e9 Pas \u00e0 Pas est affili\u00e9e \u00e0 la F\u00e9d\u00e9ration&hellip; <\/p>\n","protected":false},"author":1,"featured_media":0,"parent":0,"menu_order":0,"comment_status":"closed","ping_status":"closed","template":"","meta":{"_mc_calendar":[],"footnotes":""},"class_list":["post-22","page","type-page","status-publish","hentry"],"_links":{"self":[{"href":"https:\/\/www.lspap.fr\/index.php?rest_route=\/wp\/v2\/pages\/22","targetHints":{"allow":["GET"]}}],"collection":[{"href":"https:\/\/www.lspap.fr\/index.php?rest_route=\/wp\/v2\/pages"}],"about":[{"href":"https:\/\/www.lspap.fr\/index.php?rest_route=\/wp\/v2\/types\/page"}],"author":[{"embeddable":true,"href":"https:\/\/www.lspap.fr\/index.php?rest_route=\/wp\/v2\/users\/1"}],"replies":[{"embeddable":true,"href":"https:\/\/www.lspap.fr\/index.php?rest_route=%2Fwp%2Fv2%2Fcomments&post=22"}],"version-history":[{"count":12,"href":"https:\/\/www.lspap.fr\/index.php?rest_route=\/wp\/v2\/pages\/22\/revisions"}],"predecessor-version":[{"id":10349,"href":"https:\/\/www.lspap.fr\/index.php?rest_route=\/wp\/v2\/pages\/22\/revisions\/10349"}],"wp:attachment":[{"href":"https:\/\/www.lspap.fr\/index.php?rest_route=%2Fwp%2Fv2%2Fmedia&parent=22"}],"curies":[{"name":"wp","href":"https:\/\/api.w.org\/{rel}","templated":true}]}}