{"id":18,"date":"2014-01-31T21:22:18","date_gmt":"2014-01-31T20:22:18","guid":{"rendered":"http:\/\/www.lspap.fr\/?page_id=18"},"modified":"2025-08-10T08:27:21","modified_gmt":"2025-08-10T07:27:21","slug":"inscription-tarifs","status":"publish","type":"page","link":"https:\/\/www.lspap.fr\/?page_id=18","title":{"rendered":"Inscription &#8211; Tarifs"},"content":{"rendered":"<p>Tarifs 2025\/2026<\/p>\n<table style=\"height: 473px;\" border=\"0\" width=\"601\" cellspacing=\"0\" cellpadding=\"0\">\n<colgroup>\n<col width=\"345\" \/>\n<col span=\"3\" width=\"80\" \/> <\/colgroup>\n<tbody>\n<tr>\n<td width=\"345\" height=\"40\"><\/td>\n<td style=\"text-align: center;\" width=\"80\"><strong>Licence + Assurance<\/strong><\/td>\n<td style=\"text-align: center;\" width=\"80\"><strong>Cotisation club<\/strong><\/td>\n<td style=\"text-align: center;\" width=\"80\"><strong>Co\u00fbt global<\/strong><\/td>\n<\/tr>\n<tr>\n<td style=\"text-align: center;\" width=\"345\" height=\"20\">Individuelle avec RC et Accident Corporel<\/td>\n<td style=\"text-align: center;\">30.85\u00a0\u20ac<\/td>\n<td style=\"text-align: center;\">28.15 \u20ac<\/td>\n<td style=\"text-align: center;\">59.00\u00a0\u20ac<\/td>\n<\/tr>\n<tr>\n<td style=\"text-align: center;\" width=\"345\" height=\"20\">* Familiale avec RC et Accident Corporel<\/td>\n<td style=\"text-align: center;\">61.50 \u20ac<\/td>\n<td style=\"text-align: center;\">39.50 \u20ac<\/td>\n<td style=\"text-align: center;\">101.00\u00a0\u20ac<\/td>\n<\/tr>\n<tr>\n<td style=\"text-align: center;\" width=\"345\" height=\"20\">Individuelle multiloisirs pleine nature<\/td>\n<td style=\"text-align: center;\">42.90 \u20ac<\/td>\n<td style=\"text-align: center;\">26.10 \u20ac<\/td>\n<td style=\"text-align: center;\">69.00\u00a0\u20ac<\/td>\n<\/tr>\n<tr>\n<td style=\"text-align: center;\" width=\"345\" height=\"20\">Familiale multiloisirs pleine nature<\/td>\n<td style=\"text-align: center;\">85.60 \u20ac<\/td>\n<td style=\"text-align: center;\">36.40 \u20ac<\/td>\n<td style=\"text-align: center;\">122.00\u00a0\u20ac<\/td>\n<\/tr>\n<tr>\n<td style=\"text-align: center;\" width=\"345\" height=\"40\"><\/td>\n<td style=\"text-align: center;\"><\/td>\n<td style=\"text-align: center;\"><\/td>\n<td style=\"text-align: center;\"><\/td>\n<\/tr>\n<tr>\n<td style=\"text-align: center;\" width=\"345\" height=\"40\">Membres d&rsquo;un club FFR sur pr\u00e9sentation de la licence individuelle<\/td>\n<td style=\"text-align: center;\">0.00 \u20ac<\/td>\n<td style=\"text-align: center;\">31.00 \u20ac<\/td>\n<td style=\"text-align: center;\">31.00 \u20ac<\/td>\n<\/tr>\n<tr>\n<td style=\"text-align: center;\" width=\"345\" height=\"40\">Membres d&rsquo;un club FFR sur pr\u00e9sentation de la licence familiale*<\/td>\n<td style=\"text-align: center;\">0.00 \u20ac<\/td>\n<td style=\"text-align: center;\">62.00 \u20ac<\/td>\n<td style=\"text-align: center;\">62.00 \u20ac<\/td>\n<\/tr>\n<tr>\n<td style=\"text-align: center;\" width=\"345\" height=\"40\"><\/td>\n<td style=\"text-align: center;\"><\/td>\n<td style=\"text-align: center;\"><\/td>\n<td style=\"text-align: center;\"><\/td>\n<\/tr>\n<tr>\n<td style=\"text-align: center;\" width=\"345\" height=\"20\">Abonnement \u00e0 Passion Rando Magasine<\/td>\n<td style=\"text-align: center;\"><\/td>\n<td style=\"text-align: center;\"><\/td>\n<td style=\"text-align: center;\">10,00 \u20ac<\/td>\n<\/tr>\n<tr>\n<td style=\"text-align: center;\" width=\"345\" height=\"20\">\n<address>* Familiale (m\u00eame d\u00e9claration fiscale)<\/address>\n<\/td>\n<td style=\"text-align: center;\">TOTAL<\/td>\n<td style=\"text-align: center;\">\u00a0\u20ac<\/td>\n<td style=\"text-align: center;\">&#8230;&#8230;&#8230;.<\/td>\n<\/tr>\n<\/tbody>\n<\/table>\n<address>\u00a0<\/address>\n<table border=\"0\" width=\"740\" cellspacing=\"0\" cellpadding=\"0\">\n<tbody>\n<tr>\n<td width=\"595\">\u00a0<b>Domaine des garanties<\/b><b><\/b><\/td>\n<td width=\"74\">\n<p align=\"center\"><b>IRA\/FRA\/<\/b><b><br \/>\n<\/b><b>FRAMP<\/b><b><\/b><\/p>\n<\/td>\n<td width=\"70\">\n<p align=\"center\"><b>IMPN\/ FMPN<\/b><b><\/b><\/p>\n<\/td>\n<\/tr>\n<tr>\n<td width=\"595\"><b>Activit\u00e9s assur\u00e9es :<\/b><b><br \/>\n<\/b>\u2022 R\u00e9unions associatives statutaires, de gestion, de travail ou r\u00e9cr\u00e9atives, d\u2019organisation de manifestations ou de tout \u00e9v\u00e9nement hors pratique.<br \/>\n\u2022 Le trajet A\/R \u00ab domicile-lieu de la r\u00e9union ou de la randonn\u00e9e \u00bb est couvert.<\/td>\n<td width=\"74\">\n<p align=\"center\">\u2022<\/p>\n<\/td>\n<td width=\"70\">\n<p align=\"center\">\u2022<\/p>\n<\/td>\n<\/tr>\n<tr>\n<td width=\"595\">\u2022 Pratique de la randonn\u00e9e p\u00e9destre \u00e0 pied, en raquettes \u00e0 neige, de la Rando pour tous\u00ae ; participation au Rando Challenge\u00ae tout niveau ; pratique : du ski nordique (ski de fond sur pistes dam\u00e9es et balis\u00e9es, ski en terrain enneig\u00e9 nordique), de la randonn\u00e9e nordique, du raid nordique, de toutes les formes de marche (nordique, allure audax, afghane, ensemble de marches rapides), du trekking, du g\u00e9ocaching ; aussi bien dans le cadre associatif que sur initiative personnelle.<br \/>\n\u2022 Entretien physique pratiqu\u00e9 dans le cadre du club sauf sous couvert d\u2019une association affili\u00e9e \u00e0 une f\u00e9d\u00e9ration reconnue pour cette discipline.<br \/>\n\u2022 Cheminements dans le monde entier sur itin\u00e9raires balis\u00e9s ou non, enneig\u00e9s ou non, d\u00e9crits ou non, sans limite d\u2019altitude en montagne, y compris sur des itin\u00e9raires poss\u00e9dant des am\u00e9nagements destin\u00e9s \u00e0 s\u00e9curiser la progression (\u00e9chelle, main courante) de fa\u00e7on ponctuelle et sur courte distance ; cheminement n\u00e9cessitant un moyen de transport non motoris\u00e9 pour assurer la continuit\u00e9 de l\u2019itin\u00e9raire sur une courte distance (barque, bateau \u00e0 cha\u00eenes).<br \/>\n\u2022 Randonn\u00e9e avec animaux de b\u00e2t : \u00e2nes, mulets, lamas, dromadaires, pour port de charge y compris des enfants.<\/td>\n<td width=\"74\">\n<p align=\"center\">\u2022<\/p>\n<\/td>\n<td width=\"70\">\n<p align=\"center\">\u2022<\/p>\n<\/td>\n<\/tr>\n<tr>\n<td width=\"595\">\u2022 Plus g\u00e9n\u00e9ralement, les pratiques de loisirs en plein air : footing, boules, p\u00eache, golf, \u00e9quitation en man\u00e8ge, patinage sur glace et \u00e0 roulettes, roller skating, luge, tennis, tennis de table, baignade, barque, jeux de plage, voile, surf, plong\u00e9e en apn\u00e9e, parcours acrobatique dans les arbres dans les structures professionnelles.<\/td>\n<td width=\"74\">\n<p align=\"center\">\u2022<\/p>\n<\/td>\n<td width=\"70\">\n<p align=\"center\">\u2022<b><\/b><\/p>\n<\/td>\n<\/tr>\n<tr>\n<td width=\"595\"><b>Mais sont exlus :<\/b><b><br \/>\n<\/b>\u2022 Les parcours de randonn\u00e9e glaciaire, de via ferrata et corda, les canyons aquatiques, tout parcours exigeant l\u2019utilisation d\u2019un mat\u00e9riel sp\u00e9cifique de s\u00e9curit\u00e9 \u00e0 l\u2019alpinisme, l\u2019utilisation de techniques de progression n\u00e9cessaires pour cheminer sur glaciers, zones rocheuses escarp\u00e9es, canyons (relais, encordement permanent, rappel).<br \/>\n\u2022 La garantie de la responsabilit\u00e9 de l\u2019animateur encadrant un groupe hors sorties associatives.<\/td>\n<td width=\"74\">\n<p align=\"center\">\u2022<\/p>\n<\/td>\n<td width=\"70\">\n<p align=\"center\">\u2022<b><\/b><\/p>\n<\/td>\n<\/tr>\n<tr>\n<td width=\"595\"><b>Compl\u00e9ment IMPN<\/b><b><br \/>\n<\/b>\u2022 La randonn\u00e9e alpine et de montagne avec parcours sur glaciers, passage de petite escalade et, plus g\u00e9n\u00e9ralement d\u00e8s que l\u2019itin\u00e9raire exige en toute circonstance une technique et\/ ou un mat\u00e9riel sp\u00e9cifique \u00e0 la haute montagne sans toutefois d\u00e9passer la cotisation P.D. (Peu Difficile) de l\u2019\u00e9chelle internationale de l\u2019UIAA (Union Internationale des Associations d\u2019Alpinisme) en r\u00e9f\u00e9rence au guide le plus utilis\u00e9 sur un secteur donn\u00e9, via ferrata et corda.<br \/>\n\u2022 Des activit\u00e9s voisines fr\u00e9quemment pratiqu\u00e9es par le randonneur : sports de glisse hivernaux (ski alpin sur piste et hors-piste dans le domaine des stations, raid nordique ou ski de randonn\u00e9e, ski de montagne, snowboarding, snowkite) ; activit\u00e9s nautiques (cano\u00eb-kayak en eau calme, eau vive, en mer ; canyonisme, raft, hot dog : descente de rivi\u00e8re avec cano\u00eb biplace insubmersible ; nage en eau vive), courses et autres formes de randonn\u00e9e (course d\u2019orientation ; trail ; cyclotourisme : cyclo cross et piste, exclus ; VTT : VTT de descente et BMX exclus ; randonn\u00e9e \u00e9questre.<\/td>\n<td width=\"74\">\n<p align=\"center\">Non<\/p>\n<\/td>\n<td width=\"70\">\n<p align=\"center\">\u2022<\/p>\n<\/td>\n<\/tr>\n<\/tbody>\n<\/table>\n<p><b>Avec votre licence, profitez des r\u00e9ductions et tarifs pr\u00e9f\u00e9rentiels de nos partenaires\u00a0: <a title=\"partenaires FFR\" href=\"http:\/\/www.ffrandonnee.fr\/_14\/partenaires.aspx\" target=\"_blank\" rel=\"noopener\">liste des partenaires<\/a><\/b><\/p>\n","protected":false},"excerpt":{"rendered":"<p>Tarifs 2025\/2026 Licence + Assurance Cotisation club Co\u00fbt global Individuelle avec RC et Accident Corporel 30.85\u00a0\u20ac 28.15 \u20ac 59.00\u00a0\u20ac * Familiale avec RC et Accident Corporel 61.50 \u20ac 39.50 \u20ac 101.00\u00a0\u20ac Individuelle multiloisirs pleine nature 42.90 \u20ac 26.10 \u20ac 69.00\u00a0\u20ac&hellip; <\/p>\n","protected":false},"author":1,"featured_media":0,"parent":0,"menu_order":0,"comment_status":"closed","ping_status":"closed","template":"","meta":{"_mc_calendar":[],"footnotes":""},"class_list":["post-18","page","type-page","status-publish","hentry"],"_links":{"self":[{"href":"https:\/\/www.lspap.fr\/index.php?rest_route=\/wp\/v2\/pages\/18","targetHints":{"allow":["GET"]}}],"collection":[{"href":"https:\/\/www.lspap.fr\/index.php?rest_route=\/wp\/v2\/pages"}],"about":[{"href":"https:\/\/www.lspap.fr\/index.php?rest_route=\/wp\/v2\/types\/page"}],"author":[{"embeddable":true,"href":"https:\/\/www.lspap.fr\/index.php?rest_route=\/wp\/v2\/users\/1"}],"replies":[{"embeddable":true,"href":"https:\/\/www.lspap.fr\/index.php?rest_route=%2Fwp%2Fv2%2Fcomments&post=18"}],"version-history":[{"count":35,"href":"https:\/\/www.lspap.fr\/index.php?rest_route=\/wp\/v2\/pages\/18\/revisions"}],"predecessor-version":[{"id":12158,"href":"https:\/\/www.lspap.fr\/index.php?rest_route=\/wp\/v2\/pages\/18\/revisions\/12158"}],"wp:attachment":[{"href":"https:\/\/www.lspap.fr\/index.php?rest_route=%2Fwp%2Fv2%2Fmedia&parent=18"}],"curies":[{"name":"wp","href":"https:\/\/api.w.org\/{rel}","templated":true}]}}